{"id":4404,"date":"2024-10-09T17:45:51","date_gmt":"2024-10-09T17:45:51","guid":{"rendered":"https:\/\/cartonversion.com\/about-us\/"},"modified":"2024-12-31T01:38:20","modified_gmt":"2024-12-31T01:38:20","slug":"sobre-nosotros","status":"publish","type":"page","link":"https:\/\/cartonversion.com\/en\/sobre-nosotros\/","title":{"rendered":"About us"},"content":{"rendered":"<div data-elementor-type=\"wp-page\" data-elementor-id=\"4404\" class=\"elementor elementor-4404\" data-elementor-post-type=\"page\">\n\t\t\t\t<div class=\"elementor-element elementor-element-4581be5 e-flex e-con-boxed e-con e-parent\" data-id=\"4581be5\" data-element_type=\"container\" data-settings=\"{&quot;background_background&quot;:&quot;classic&quot;}\">\n\t\t\t\t\t<div class=\"e-con-inner\">\n\t\t<div class=\"elementor-element elementor-element-0ec46fe e-flex e-con-boxed e-con e-child\" data-id=\"0ec46fe\" data-element_type=\"container\">\n\t\t\t\t\t<div class=\"e-con-inner\">\n\t\t\t\t<div class=\"elementor-element elementor-element-fc91916 elementor-widget elementor-widget-heading\" data-id=\"fc91916\" data-element_type=\"widget\" data-widget_type=\"heading.default\">\n\t\t\t\t<div class=\"elementor-widget-container\">\n\t\t\t\t\t<h1 class=\"elementor-heading-title elementor-size-default\">About us<\/h1>\t\t\t\t<\/div>\n\t\t\t\t<\/div>\n\t\t\t\t\t<\/div>\n\t\t\t\t<\/div>\n\t\t\t\t\t<\/div>\n\t\t\t\t<\/div>\n\t\t<div class=\"elementor-element elementor-element-a214802 e-flex e-con-boxed e-con e-parent\" data-id=\"a214802\" data-element_type=\"container\" data-settings=\"{&quot;background_background&quot;:&quot;classic&quot;}\">\n\t\t\t\t\t<div class=\"e-con-inner\">\n\t\t<div class=\"elementor-element elementor-element-7ed8412 e-con-full e-flex e-con e-child\" data-id=\"7ed8412\" data-element_type=\"container\">\n\t\t\t\t<\/div>\n\t\t\t\t\t<\/div>\n\t\t\t\t<\/div>\n\t\t<div class=\"elementor-element elementor-element-718eee3 e-flex e-con-boxed e-con e-parent\" data-id=\"718eee3\" data-element_type=\"container\">\n\t\t\t\t\t<div class=\"e-con-inner\">\n\t\t<div class=\"elementor-element elementor-element-6d5b697 e-con-full e-flex e-con e-child\" data-id=\"6d5b697\" data-element_type=\"container\">\n\t\t\t\t<div class=\"elementor-element elementor-element-9e1df42 elementor-widget elementor-widget-heading\" data-id=\"9e1df42\" data-element_type=\"widget\" data-widget_type=\"heading.default\">\n\t\t\t\t<div class=\"elementor-widget-container\">\n\t\t\t\t\t<h2 class=\"elementor-heading-title elementor-size-default\">Our process<\/h2>\t\t\t\t<\/div>\n\t\t\t\t<\/div>\n\t\t\t\t<div class=\"elementor-element elementor-element-f1a21be elementor-widget elementor-widget-text-editor\" data-id=\"f1a21be\" data-element_type=\"widget\" data-widget_type=\"text-editor.default\">\n\t\t\t\t<div class=\"elementor-widget-container\">\n\t\t\t\t\t\t\t\t\t<div class=\"flex-1 overflow-hidden\"><div class=\"h-full\"><div class=\"react-scroll-to-bottom--css-whmok-79elbk h-full\"><div class=\"react-scroll-to-bottom--css-whmok-1n7m0yu\"><div class=\"flex flex-col text-sm md:pb-9\"><article class=\"w-full scroll-mb-[var(--thread-trailing-height,150px)] text-token-text-primary focus-visible:outline-2 focus-visible:outline-offset-[-4px]\" dir=\"auto\" data-testid=\"conversation-turn-3\" data-scroll-anchor=\"true\"><div class=\"m-auto text-base py-[18px] px-3 md:px-4 w-full md:px-5 lg:px-4 xl:px-5\"><div class=\"mx-auto flex flex-1 gap-4 text-base md:gap-5 lg:gap-6 md:max-w-3xl lg:max-w-[40rem] xl:max-w-[48rem]\"><div class=\"group\/conversation-turn relative flex w-full min-w-0 flex-col agent-turn\"><div class=\"flex-col gap-1 md:gap-3\"><div class=\"flex max-w-full flex-col flex-grow\"><div class=\"min-h-8 text-message flex w-full flex-col items-end gap-2 whitespace-normal break-words [.text-message+&amp;]:mt-5\" dir=\"auto\" data-message-author-role=\"assistant\" data-message-id=\"bc3e4379-83f0-4272-81c7-9c6078911a3d\" data-message-model-slug=\"gpt-4o\"><div class=\"flex w-full flex-col gap-1 empty:hidden first:pt-[3px]\"><div class=\"markdown prose w-full break-words dark:prose-invert dark\"><p>En Cartonbikes somos apasionados del ciclismo de monta\u00f1a y especialistas en ofrecer las mejores bicicletas para aventuras todoterreno. Desde modelos de \u00faltima generaci\u00f3n hasta equipamiento esencial, estamos comprometidos con la calidad, la durabilidad y tu disfrute en cada ruta. Nuestro equipo de expertos te asesorar\u00e1 para que encuentres la bici perfecta. \u00a1Pedalea con confianza con Cartonbikes!<\/p><\/div><\/div><\/div><\/div><div class=\"mt-3 w-full empty:hidden\"><div class=\"text-center\">\u00a0<\/div><\/div><\/div><div class=\"absolute\"><div class=\"flex items-center justify-center\">\u00a0<\/div><\/div><\/div><\/div><\/div><\/article><\/div><\/div><\/div><\/div><\/div><div class=\"md:pt-0 dark:border-white\/20 md:border-transparent md:dark:border-transparent w-full\"><div><div class=\"m-auto text-base px-3 md:px-4 w-full md:px-5 lg:px-4 xl:px-5\"><div class=\"mx-auto flex flex-1 gap-4 text-base md:gap-5 lg:gap-6 md:max-w-3xl lg:max-w-[40rem] xl:max-w-[48rem]\"><div class=\"flex justify-center\">\u00a0<\/div><\/div><\/div><\/div><\/div>\t\t\t\t\t\t\t\t<\/div>\n\t\t\t\t<\/div>\n\t\t\t\t<\/div>\n\t\t<div class=\"elementor-element elementor-element-d7b9097 e-con-full e-flex e-con e-child\" data-id=\"d7b9097\" data-element_type=\"container\">\n\t\t\t\t<div class=\"elementor-element elementor-element-6bc3ef4 elementor-widget elementor-widget-image\" data-id=\"6bc3ef4\" data-element_type=\"widget\" data-widget_type=\"image.default\">\n\t\t\t\t<div class=\"elementor-widget-container\">\n\t\t\t\t\t\t\t\t\t\t\t\t\t\t\t<img fetchpriority=\"high\" decoding=\"async\" width=\"1024\" height=\"819\" src=\"https:\/\/cartonversion.com\/wp-content\/uploads\/2024\/10\/san-francisco-6950827_1920_2-1024x819.jpg\" class=\"attachment-large size-large wp-image-4646\" alt=\"\" srcset=\"https:\/\/cartonversion.com\/wp-content\/uploads\/2024\/10\/san-francisco-6950827_1920_2-1024x819.jpg 1024w, https:\/\/cartonversion.com\/wp-content\/uploads\/2024\/10\/san-francisco-6950827_1920_2-300x240.jpg 300w, https:\/\/cartonversion.com\/wp-content\/uploads\/2024\/10\/san-francisco-6950827_1920_2-768x614.jpg 768w, https:\/\/cartonversion.com\/wp-content\/uploads\/2024\/10\/san-francisco-6950827_1920_2-1536x1229.jpg 1536w, https:\/\/cartonversion.com\/wp-content\/uploads\/2024\/10\/san-francisco-6950827_1920_2-600x480.jpg 600w, https:\/\/cartonversion.com\/wp-content\/uploads\/2024\/10\/san-francisco-6950827_1920_2.jpg 1920w\" sizes=\"(max-width: 1024px) 100vw, 1024px\" \/>\t\t\t\t\t\t\t\t\t\t\t\t\t\t\t<\/div>\n\t\t\t\t<\/div>\n\t\t\t\t<\/div>\n\t\t\t\t\t<\/div>\n\t\t\t\t<\/div>\n\t\t<div class=\"elementor-element elementor-element-2854bcd e-flex e-con-boxed e-con e-parent\" data-id=\"2854bcd\" data-element_type=\"container\" data-settings=\"{&quot;background_background&quot;:&quot;classic&quot;}\">\n\t\t\t\t\t<div class=\"e-con-inner\">\n\t\t<div class=\"elementor-element elementor-element-9676e95 e-con-full e-flex e-con e-child\" data-id=\"9676e95\" data-element_type=\"container\">\n\t\t<div class=\"elementor-element elementor-element-f5e8d1f e-con-full e-flex e-con e-child\" data-id=\"f5e8d1f\" data-element_type=\"container\">\n\t\t\t\t<div class=\"elementor-element elementor-element-b15a23a elementor-widget elementor-widget-heading\" data-id=\"b15a23a\" data-element_type=\"widget\" data-widget_type=\"heading.default\">\n\t\t\t\t<div class=\"elementor-widget-container\">\n\t\t\t\t\t<h6 class=\"elementor-heading-title elementor-size-default\">01.<\/h6>\t\t\t\t<\/div>\n\t\t\t\t<\/div>\n\t\t\t\t<div class=\"elementor-element elementor-element-2b86fcd elementor-widget elementor-widget-image-box\" data-id=\"2b86fcd\" data-element_type=\"widget\" data-widget_type=\"image-box.default\">\n\t\t\t\t<div class=\"elementor-widget-container\">\n\t\t\t\t\t<div class=\"elementor-image-box-wrapper\"><div class=\"elementor-image-box-content\"><h5 class=\"elementor-image-box-title\">Quality products at exceptional prices: <\/h5><p class=\"elementor-image-box-description\">Nos enfocamos en ofrecer bicicletas de monta\u00f1a de alta calidad a precios imbatibles, con ofertas exclusivas limitadas por tiempo o existencias.<\/p><\/div><\/div>\t\t\t\t<\/div>\n\t\t\t\t<\/div>\n\t\t\t\t<\/div>\n\t\t<div class=\"elementor-element elementor-element-b6530c5 e-con-full e-flex e-con e-child\" data-id=\"b6530c5\" data-element_type=\"container\">\n\t\t\t\t<div class=\"elementor-element elementor-element-260dbd7 elementor-widget elementor-widget-heading\" data-id=\"260dbd7\" data-element_type=\"widget\" data-widget_type=\"heading.default\">\n\t\t\t\t<div class=\"elementor-widget-container\">\n\t\t\t\t\t<h6 class=\"elementor-heading-title elementor-size-default\">02.<\/h6>\t\t\t\t<\/div>\n\t\t\t\t<\/div>\n\t\t\t\t<div class=\"elementor-element elementor-element-71fa11c elementor-widget elementor-widget-image-box\" data-id=\"71fa11c\" data-element_type=\"widget\" data-widget_type=\"image-box.default\">\n\t\t\t\t<div class=\"elementor-widget-container\">\n\t\t\t\t\t<div class=\"elementor-image-box-wrapper\"><div class=\"elementor-image-box-content\"><h5 class=\"elementor-image-box-title\">Commitment to sustainability:<\/h5><p class=\"elementor-image-box-description\">Promovemos la movilidad de forma comoda y la eficiencia, ofreciendo productos que reducen el impacto en el medio ambiente y fomentan un estilo de vida m\u00e1s responsable.<\/p><\/div><\/div>\t\t\t\t<\/div>\n\t\t\t\t<\/div>\n\t\t\t\t<\/div>\n\t\t<div class=\"elementor-element elementor-element-74b4fa4 e-con-full e-flex e-con e-child\" data-id=\"74b4fa4\" data-element_type=\"container\">\n\t\t\t\t<div class=\"elementor-element elementor-element-23512c4 elementor-widget elementor-widget-heading\" data-id=\"23512c4\" data-element_type=\"widget\" data-widget_type=\"heading.default\">\n\t\t\t\t<div class=\"elementor-widget-container\">\n\t\t\t\t\t<h6 class=\"elementor-heading-title elementor-size-default\">03.<\/h6>\t\t\t\t<\/div>\n\t\t\t\t<\/div>\n\t\t\t\t<div class=\"elementor-element elementor-element-4a221c3 elementor-widget elementor-widget-image-box\" data-id=\"4a221c3\" data-element_type=\"widget\" data-widget_type=\"image-box.default\">\n\t\t\t\t<div class=\"elementor-widget-container\">\n\t\t\t\t\t<div class=\"elementor-image-box-wrapper\"><div class=\"elementor-image-box-content\"><h5 class=\"elementor-image-box-title\">Intuitive shopping experience: <\/h5><p class=\"elementor-image-box-description\">We've designed our store to be easy to navigate, with detailed descriptions and interactive features so you can find the perfect ebike for you.<\/p><\/div><\/div>\t\t\t\t<\/div>\n\t\t\t\t<\/div>\n\t\t\t\t<\/div>\n\t\t<div class=\"elementor-element elementor-element-0f9814c e-con-full e-flex e-con e-child\" data-id=\"0f9814c\" data-element_type=\"container\">\n\t\t\t\t<div class=\"elementor-element elementor-element-e554134 elementor-widget elementor-widget-heading\" data-id=\"e554134\" data-element_type=\"widget\" data-widget_type=\"heading.default\">\n\t\t\t\t<div class=\"elementor-widget-container\">\n\t\t\t\t\t<h6 class=\"elementor-heading-title elementor-size-default\">04.<\/h6>\t\t\t\t<\/div>\n\t\t\t\t<\/div>\n\t\t\t\t<div class=\"elementor-element elementor-element-67a86d1 elementor-widget elementor-widget-image-box\" data-id=\"67a86d1\" data-element_type=\"widget\" data-widget_type=\"image-box.default\">\n\t\t\t\t<div class=\"elementor-widget-container\">\n\t\t\t\t\t<div class=\"elementor-image-box-wrapper\"><div class=\"elementor-image-box-content\"><h5 class=\"elementor-image-box-title\">Variety for everyone:<\/h5><p class=\"elementor-image-box-description\">We offer a wide range of ebikes for different needs: folding, lightweight, all-terrain, fat bikes, ebikes for families, children and special models for each situation.<\/p><\/div><\/div>\t\t\t\t<\/div>\n\t\t\t\t<\/div>\n\t\t\t\t<\/div>\n\t\t\t\t<\/div>\n\t\t\t\t\t<\/div>\n\t\t\t\t<\/div>\n\t\t<div class=\"elementor-element elementor-element-60c7260 e-flex e-con-boxed e-con e-parent\" data-id=\"60c7260\" data-element_type=\"container\" data-settings=\"{&quot;background_background&quot;:&quot;classic&quot;}\">\n\t\t\t\t\t<div class=\"e-con-inner\">\n\t\t\t\t<div class=\"elementor-element elementor-element-27a8a61 elementor-widget elementor-widget-spacer\" data-id=\"27a8a61\" data-element_type=\"widget\" data-widget_type=\"spacer.default\">\n\t\t\t\t<div class=\"elementor-widget-container\">\n\t\t\t\t\t\t\t<div class=\"elementor-spacer\">\n\t\t\t<div class=\"elementor-spacer-inner\"><\/div>\n\t\t<\/div>\n\t\t\t\t\t\t<\/div>\n\t\t\t\t<\/div>\n\t\t\t\t\t<\/div>\n\t\t\t\t<\/div>\n\t\t\t\t<\/div>","protected":false},"excerpt":{"rendered":"<p>Sobre nosotros Nuestro proceso En Cartonbikes somos apasionados del ciclismo de monta\u00f1a y especialistas en ofrecer las mejores bicicletas para aventuras todoterreno. Desde modelos de \u00faltima generaci\u00f3n hasta equipamiento esencial, estamos comprometidos con la calidad, la durabilidad y tu disfrute en cada ruta. Nuestro equipo de expertos te asesorar\u00e1 para que encuentres la bici perfecta. [&hellip;]<\/p>","protected":false},"author":1,"featured_media":0,"parent":0,"menu_order":0,"comment_status":"closed","ping_status":"closed","template":"elementor_header_footer","meta":{"_surecart_dashboard_logo_width":"180px","_surecart_dashboard_show_logo":true,"_surecart_dashboard_navigation_orders":true,"_surecart_dashboard_navigation_subscriptions":true,"_surecart_dashboard_navigation_downloads":true,"_surecart_dashboard_navigation_billing":true,"_surecart_dashboard_navigation_account":true,"site-sidebar-layout":"no-sidebar","site-content-layout":"page-builder","ast-site-content-layout":"full-width-container","site-content-style":"unboxed","site-sidebar-style":"unboxed","ast-global-header-display":"","ast-banner-title-visibility":"","ast-main-header-display":"","ast-hfb-above-header-display":"","ast-hfb-below-header-display":"","ast-hfb-mobile-header-display":"","site-post-title":"","ast-breadcrumbs-content":"disabled","ast-featured-img":"disabled","footer-sml-layout":"","theme-transparent-header-meta":"enabled","adv-header-id-meta":"","stick-header-meta":"","header-above-stick-meta":"","header-main-stick-meta":"","header-below-stick-meta":"","astra-migrate-meta-layouts":"set","ast-page-background-enabled":"default","ast-page-background-meta":{"desktop":{"background-color":"","background-image":"","background-repeat":"repeat","background-position":"center center","background-size":"auto","background-attachment":"scroll","background-type":"","background-media":"","overlay-type":"","overlay-color":"","overlay-opacity":"","overlay-gradient":""},"tablet":{"background-color":"","background-image":"","background-repeat":"repeat","background-position":"center center","background-size":"auto","background-attachment":"scroll","background-type":"","background-media":"","overlay-type":"","overlay-color":"","overlay-opacity":"","overlay-gradient":""},"mobile":{"background-color":"","background-image":"","background-repeat":"repeat","background-position":"center center","background-size":"auto","background-attachment":"scroll","background-type":"","background-media":"","overlay-type":"","overlay-color":"","overlay-opacity":"","overlay-gradient":""}},"ast-content-background-meta":{"desktop":{"background-color":"var(--ast-global-color-5)","background-image":"","background-repeat":"repeat","background-position":"center center","background-size":"auto","background-attachment":"scroll","background-type":"","background-media":"","overlay-type":"","overlay-color":"","overlay-opacity":"","overlay-gradient":""},"tablet":{"background-color":"var(--ast-global-color-5)","background-image":"","background-repeat":"repeat","background-position":"center center","background-size":"auto","background-attachment":"scroll","background-type":"","background-media":"","overlay-type":"","overlay-color":"","overlay-opacity":"","overlay-gradient":""},"mobile":{"background-color":"var(--ast-global-color-5)","background-image":"","background-repeat":"repeat","background-position":"center center","background-size":"auto","background-attachment":"scroll","background-type":"","background-media":"","overlay-type":"","overlay-color":"","overlay-opacity":"","overlay-gradient":""}},"footnotes":""},"class_list":["post-4404","page","type-page","status-publish","hentry"],"yoast_head":"<!-- This site is optimized with the Yoast SEO plugin v23.7 - https:\/\/yoast.com\/wordpress\/plugins\/seo\/ -->\n<title>Sobre nosotros - Carton Version<\/title>\n<meta name=\"robots\" content=\"index, follow, max-snippet:-1, max-image-preview:large, max-video-preview:-1\" \/>\n<link rel=\"canonical\" href=\"https:\/\/cartonversion.com\/en\/sobre-nosotros\/\" \/>\n<meta property=\"og:locale\" content=\"en_GB\" \/>\n<meta property=\"og:type\" content=\"article\" \/>\n<meta property=\"og:title\" content=\"Sobre nosotros - Carton Version\" \/>\n<meta property=\"og:description\" content=\"Sobre nosotros Nuestro proceso En Cartonbikes somos apasionados del ciclismo de monta\u00f1a y especialistas en ofrecer las mejores bicicletas para aventuras todoterreno. Desde modelos de \u00faltima generaci\u00f3n hasta equipamiento esencial, estamos comprometidos con la calidad, la durabilidad y tu disfrute en cada ruta. Nuestro equipo de expertos te asesorar\u00e1 para que encuentres la bici perfecta. [&hellip;]\" \/>\n<meta property=\"og:url\" content=\"https:\/\/cartonversion.com\/en\/sobre-nosotros\/\" \/>\n<meta property=\"og:site_name\" content=\"Carton Version\" \/>\n<meta property=\"article:modified_time\" content=\"2024-12-31T01:38:20+00:00\" \/>\n<meta property=\"og:image\" content=\"https:\/\/cartonversion.com\/wp-content\/uploads\/2024\/10\/san-francisco-6950827_1920_2.jpg\" \/>\n\t<meta property=\"og:image:width\" content=\"1920\" \/>\n\t<meta property=\"og:image:height\" content=\"1536\" \/>\n\t<meta property=\"og:image:type\" content=\"image\/jpeg\" \/>\n<meta name=\"twitter:card\" content=\"summary_large_image\" \/>\n<meta name=\"twitter:label1\" content=\"Estimated reading time\" \/>\n\t<meta name=\"twitter:data1\" content=\"2 minutes\" \/>\n<script type=\"application\/ld+json\" class=\"yoast-schema-graph\">{\"@context\":\"https:\/\/schema.org\",\"@graph\":[{\"@type\":\"WebPage\",\"@id\":\"https:\/\/cartonversion.com\/sobre-nosotros\/\",\"url\":\"https:\/\/cartonversion.com\/sobre-nosotros\/\",\"name\":\"Sobre nosotros - Carton Version\",\"isPartOf\":{\"@id\":\"https:\/\/cartonversion.com\/#website\"},\"primaryImageOfPage\":{\"@id\":\"https:\/\/cartonversion.com\/sobre-nosotros\/#primaryimage\"},\"image\":{\"@id\":\"https:\/\/cartonversion.com\/sobre-nosotros\/#primaryimage\"},\"thumbnailUrl\":\"https:\/\/cartonversion.com\/wp-content\/uploads\/2024\/10\/san-francisco-6950827_1920_2-1024x819.jpg\",\"datePublished\":\"2024-10-09T17:45:51+00:00\",\"dateModified\":\"2024-12-31T01:38:20+00:00\",\"breadcrumb\":{\"@id\":\"https:\/\/cartonversion.com\/sobre-nosotros\/#breadcrumb\"},\"inLanguage\":\"en-GB\",\"potentialAction\":[{\"@type\":\"ReadAction\",\"target\":[\"https:\/\/cartonversion.com\/sobre-nosotros\/\"]}]},{\"@type\":\"ImageObject\",\"inLanguage\":\"en-GB\",\"@id\":\"https:\/\/cartonversion.com\/sobre-nosotros\/#primaryimage\",\"url\":\"https:\/\/cartonversion.com\/wp-content\/uploads\/2024\/10\/san-francisco-6950827_1920_2-1024x819.jpg\",\"contentUrl\":\"https:\/\/cartonversion.com\/wp-content\/uploads\/2024\/10\/san-francisco-6950827_1920_2-1024x819.jpg\"},{\"@type\":\"BreadcrumbList\",\"@id\":\"https:\/\/cartonversion.com\/sobre-nosotros\/#breadcrumb\",\"itemListElement\":[{\"@type\":\"ListItem\",\"position\":1,\"name\":\"Portada\",\"item\":\"https:\/\/cartonversion.com\/\"},{\"@type\":\"ListItem\",\"position\":2,\"name\":\"Sobre nosotros\"}]},{\"@type\":\"WebSite\",\"@id\":\"https:\/\/cartonversion.com\/#website\",\"url\":\"https:\/\/cartonversion.com\/\",\"name\":\"Carton Version\",\"description\":\"Carton Version\",\"publisher\":{\"@id\":\"https:\/\/cartonversion.com\/#organization\"},\"potentialAction\":[{\"@type\":\"SearchAction\",\"target\":{\"@type\":\"EntryPoint\",\"urlTemplate\":\"https:\/\/cartonversion.com\/?s={search_term_string}\"},\"query-input\":{\"@type\":\"PropertyValueSpecification\",\"valueRequired\":true,\"valueName\":\"search_term_string\"}}],\"inLanguage\":\"en-GB\"},{\"@type\":\"Organization\",\"@id\":\"https:\/\/cartonversion.com\/#organization\",\"name\":\"Carton Version\",\"url\":\"https:\/\/cartonversion.com\/\",\"logo\":{\"@type\":\"ImageObject\",\"inLanguage\":\"en-GB\",\"@id\":\"https:\/\/cartonversion.com\/#\/schema\/logo\/image\/\",\"url\":\"https:\/\/cartonversion.com\/wp-content\/uploads\/2024\/10\/c55b2ee4007341a4b7bf100aec43ddd1-free.png\",\"contentUrl\":\"https:\/\/cartonversion.com\/wp-content\/uploads\/2024\/10\/c55b2ee4007341a4b7bf100aec43ddd1-free.png\",\"width\":200,\"height\":200,\"caption\":\"Carton Version\"},\"image\":{\"@id\":\"https:\/\/cartonversion.com\/#\/schema\/logo\/image\/\"}}]}<\/script>\n<!-- \/ Yoast SEO plugin. -->","yoast_head_json":{"title":"Sobre nosotros - Carton Version","robots":{"index":"index","follow":"follow","max-snippet":"max-snippet:-1","max-image-preview":"max-image-preview:large","max-video-preview":"max-video-preview:-1"},"canonical":"https:\/\/cartonversion.com\/en\/sobre-nosotros\/","og_locale":"en_GB","og_type":"article","og_title":"Sobre nosotros - Carton Version","og_description":"Sobre nosotros Nuestro proceso En Cartonbikes somos apasionados del ciclismo de monta\u00f1a y especialistas en ofrecer las mejores bicicletas para aventuras todoterreno. Desde modelos de \u00faltima generaci\u00f3n hasta equipamiento esencial, estamos comprometidos con la calidad, la durabilidad y tu disfrute en cada ruta. Nuestro equipo de expertos te asesorar\u00e1 para que encuentres la bici perfecta. [&hellip;]","og_url":"https:\/\/cartonversion.com\/en\/sobre-nosotros\/","og_site_name":"Carton Version","article_modified_time":"2024-12-31T01:38:20+00:00","og_image":[{"width":1920,"height":1536,"url":"https:\/\/cartonversion.com\/wp-content\/uploads\/2024\/10\/san-francisco-6950827_1920_2.jpg","type":"image\/jpeg"}],"twitter_card":"summary_large_image","twitter_misc":{"Estimated reading time":"2 minutes"},"schema":{"@context":"https:\/\/schema.org","@graph":[{"@type":"WebPage","@id":"https:\/\/cartonversion.com\/sobre-nosotros\/","url":"https:\/\/cartonversion.com\/sobre-nosotros\/","name":"Sobre nosotros - Carton Version","isPartOf":{"@id":"https:\/\/cartonversion.com\/#website"},"primaryImageOfPage":{"@id":"https:\/\/cartonversion.com\/sobre-nosotros\/#primaryimage"},"image":{"@id":"https:\/\/cartonversion.com\/sobre-nosotros\/#primaryimage"},"thumbnailUrl":"https:\/\/cartonversion.com\/wp-content\/uploads\/2024\/10\/san-francisco-6950827_1920_2-1024x819.jpg","datePublished":"2024-10-09T17:45:51+00:00","dateModified":"2024-12-31T01:38:20+00:00","breadcrumb":{"@id":"https:\/\/cartonversion.com\/sobre-nosotros\/#breadcrumb"},"inLanguage":"en-GB","potentialAction":[{"@type":"ReadAction","target":["https:\/\/cartonversion.com\/sobre-nosotros\/"]}]},{"@type":"ImageObject","inLanguage":"en-GB","@id":"https:\/\/cartonversion.com\/sobre-nosotros\/#primaryimage","url":"https:\/\/cartonversion.com\/wp-content\/uploads\/2024\/10\/san-francisco-6950827_1920_2-1024x819.jpg","contentUrl":"https:\/\/cartonversion.com\/wp-content\/uploads\/2024\/10\/san-francisco-6950827_1920_2-1024x819.jpg"},{"@type":"BreadcrumbList","@id":"https:\/\/cartonversion.com\/sobre-nosotros\/#breadcrumb","itemListElement":[{"@type":"ListItem","position":1,"name":"Portada","item":"https:\/\/cartonversion.com\/"},{"@type":"ListItem","position":2,"name":"Sobre nosotros"}]},{"@type":"WebSite","@id":"https:\/\/cartonversion.com\/#website","url":"https:\/\/cartonversion.com\/","name":"Carton Version","description":"Carton Version","publisher":{"@id":"https:\/\/cartonversion.com\/#organization"},"potentialAction":[{"@type":"SearchAction","target":{"@type":"EntryPoint","urlTemplate":"https:\/\/cartonversion.com\/?s={search_term_string}"},"query-input":{"@type":"PropertyValueSpecification","valueRequired":true,"valueName":"search_term_string"}}],"inLanguage":"en-GB"},{"@type":"Organization","@id":"https:\/\/cartonversion.com\/#organization","name":"Carton Version","url":"https:\/\/cartonversion.com\/","logo":{"@type":"ImageObject","inLanguage":"en-GB","@id":"https:\/\/cartonversion.com\/#\/schema\/logo\/image\/","url":"https:\/\/cartonversion.com\/wp-content\/uploads\/2024\/10\/c55b2ee4007341a4b7bf100aec43ddd1-free.png","contentUrl":"https:\/\/cartonversion.com\/wp-content\/uploads\/2024\/10\/c55b2ee4007341a4b7bf100aec43ddd1-free.png","width":200,"height":200,"caption":"Carton Version"},"image":{"@id":"https:\/\/cartonversion.com\/#\/schema\/logo\/image\/"}}]}},"_links":{"self":[{"href":"https:\/\/cartonversion.com\/en\/wp-json\/wp\/v2\/pages\/4404","targetHints":{"allow":["GET"]}}],"collection":[{"href":"https:\/\/cartonversion.com\/en\/wp-json\/wp\/v2\/pages"}],"about":[{"href":"https:\/\/cartonversion.com\/en\/wp-json\/wp\/v2\/types\/page"}],"author":[{"embeddable":true,"href":"https:\/\/cartonversion.com\/en\/wp-json\/wp\/v2\/users\/1"}],"replies":[{"embeddable":true,"href":"https:\/\/cartonversion.com\/en\/wp-json\/wp\/v2\/comments?post=4404"}],"version-history":[{"count":19,"href":"https:\/\/cartonversion.com\/en\/wp-json\/wp\/v2\/pages\/4404\/revisions"}],"predecessor-version":[{"id":4826,"href":"https:\/\/cartonversion.com\/en\/wp-json\/wp\/v2\/pages\/4404\/revisions\/4826"}],"wp:attachment":[{"href":"https:\/\/cartonversion.com\/en\/wp-json\/wp\/v2\/media?parent=4404"}],"curies":[{"name":"wp","href":"https:\/\/api.w.org\/{rel}","templated":true}]}}