{"id":4726,"date":"2024-10-23T16:35:31","date_gmt":"2024-10-23T16:35:31","guid":{"rendered":"https:\/\/cartonversion.com\/?page_id=4726"},"modified":"2024-10-23T16:35:32","modified_gmt":"2024-10-23T16:35:32","slug":"accesibilidad","status":"publish","type":"page","link":"https:\/\/cartonversion.com\/en\/accesibilidad\/","title":{"rendered":"Accesibilidad"},"content":{"rendered":"<p>En la construcci\u00f3n de la p\u00e1gina web de\u00a0<a href=\"https:\/\/cartonversion.com\/en\/\">https:\/\/cartonversion.com\/<\/a> se han adoptado medidas con el objetivo de que el mayor n\u00famero posible de personas puedan llegar a la informaci\u00f3n que se transmite en ella, independientemente de las limitaciones de la persona o de las que se deriven del contexto de uso.<\/p><p>As\u00ed, en la confecci\u00f3n del portal se han tenido en cuenta los siguientes aspectos:<\/p><ul class=\"wp-block-list\"><li>Uso de CSS para la presentaci\u00f3n de la informaci\u00f3n.<\/li>\n\n<li>Etiquetas de marcaje.<\/li>\n\n<li>Sistemas de navegaci\u00f3n usables, intuitivos y alternativos.<\/li>\n\n<li>Descripciones alternativas en las im\u00e1genes.<\/li>\n\n<li>Verificaciones en la visualizaci\u00f3n con diferentes navegadores y dispositivos.<\/li>\n\n<li>Utilizaci\u00f3n de formatos universales y alternativos.<\/li>\n\n<li>Los enlaces ofrecen detalles de la funci\u00f3n o destino del hiperv\u00ednculo.<\/li>\n\n<li>Uso de los est\u00e1ndares del W3C.<\/li>\n\n<li>Acceso mediante atajos teclado a las principales opciones.<\/li><\/ul><p>Cumplimiento De Los Est\u00e1ndares<\/p><p>Las p\u00e1ginas de este sitio Web cumplen la marca AA seg\u00fan la Norma UNE 139803:2004 y las Directrices de Accesibilidad para el Contenido Web 1.0 del W3C. Todos los requisitos de Prioridad 1 y Prioridad 2 y un subconjunto de los requisitos de Prioridad 3 han sido comprobados con un an\u00e1lisis manual de la accesibilidad a trav\u00e9s de diferentes herramientas semi-autom\u00e1ticas y agentes de usuario.<\/p><p>Atajos De Teclado<\/p><p>En esta Web puede hacer saltos ordenados en el contenido con la tecla Tab.<\/p><p>Tama\u00f1o Del Texto<\/p><p>El dise\u00f1o accesible permite que el usuario pueda ajustar las fuentes al tama\u00f1o que le convenga. Esta acci\u00f3n puede llevarse a cabo de diferentes maneras seg\u00fan el navegador web que se utilice. A continuaci\u00f3n se indica la acci\u00f3n de men\u00fa donde se encuentra esta funcionalidad en los navegadores m\u00e1s frecuentes:<\/p><ul class=\"wp-block-list\"><li>Mozilla Firefox: Ver > Tama\u00f1o de texto > Incrementar Internet<\/li>\n\n<li>Internet Explorer: Ver > Tama\u00f1o de texto > M\u00e1s grande<\/li>\n\n<li>Opera: View > Zoom > %<\/li>\n\n<li>Safari: View > Make text bigger<\/li>\n\n<li>Google Chrome: Herramientas > Zoom<\/li><\/ul><p>Configuraci\u00f3n T\u00e9cnica<\/p><p>Las p\u00e1ginas web est\u00e1n creadas con el CMS WordPress 6.1.1.<\/p><p>Informaci\u00f3n \u00datil Sobre La Accesibilidad<\/p><p>Seguidamente se exponen una serie de enlaces organizados en diferentes categor\u00edas \u00fatiles para obtener m\u00e1s informaci\u00f3n sobre la accesibilidad.<\/p><p>Accesibilidad Normas Y Documentos T\u00e9cnicos:<\/p><p><a href=\"http:\/\/www.w3c.org\/\" target=\"_blank\" rel=\"noreferrer noopener\">http:\/\/www.w3c.org\/<\/a><br>Consorcio World Wide Web, grupo de trabajo de \u00e1mbito internacional que dicta l\u00edneas generales relacionadas con la web.<\/p><p><a href=\"http:\/\/www.w3c.org\/wai\/\" target=\"_blank\" rel=\"noreferrer noopener\">http:\/\/www.w3c.org\/wai\/<\/a><br>Iniciativa de Accesibilidad Web del W3C.<\/p><p><\/p>","protected":false},"excerpt":{"rendered":"<p>En la construcci\u00f3n de la p\u00e1gina web de\u00a0https:\/\/cartonversion.com\/ se han adoptado medidas con el objetivo de que el mayor n\u00famero posible de personas puedan llegar a la informaci\u00f3n que se transmite en ella, independientemente de las limitaciones de la persona o de las que se deriven del contexto de uso. As\u00ed, en la confecci\u00f3n del [&hellip;]<\/p>","protected":false},"author":1,"featured_media":0,"parent":0,"menu_order":0,"comment_status":"closed","ping_status":"closed","template":"","meta":{"_surecart_dashboard_logo_width":"180px","_surecart_dashboard_show_logo":true,"_surecart_dashboard_navigation_orders":true,"_surecart_dashboard_navigation_subscriptions":true,"_surecart_dashboard_navigation_downloads":true,"_surecart_dashboard_navigation_billing":true,"_surecart_dashboard_navigation_account":true,"site-sidebar-layout":"default","site-content-layout":"","ast-site-content-layout":"default","site-content-style":"default","site-sidebar-style":"default","ast-global-header-display":"","ast-banner-title-visibility":"","ast-main-header-display":"","ast-hfb-above-header-display":"","ast-hfb-below-header-display":"","ast-hfb-mobile-header-display":"","site-post-title":"","ast-breadcrumbs-content":"","ast-featured-img":"","footer-sml-layout":"","theme-transparent-header-meta":"","adv-header-id-meta":"","stick-header-meta":"","header-above-stick-meta":"","header-main-stick-meta":"","header-below-stick-meta":"","astra-migrate-meta-layouts":"set","ast-page-background-enabled":"default","ast-page-background-meta":{"desktop":{"background-color":"","background-image":"","background-repeat":"repeat","background-position":"center center","background-size":"auto","background-attachment":"scroll","background-type":"","background-media":"","overlay-type":"","overlay-color":"","overlay-opacity":"","overlay-gradient":""},"tablet":{"background-color":"","background-image":"","background-repeat":"repeat","background-position":"center center","background-size":"auto","background-attachment":"scroll","background-type":"","background-media":"","overlay-type":"","overlay-color":"","overlay-opacity":"","overlay-gradient":""},"mobile":{"background-color":"","background-image":"","background-repeat":"repeat","background-position":"center center","background-size":"auto","background-attachment":"scroll","background-type":"","background-media":"","overlay-type":"","overlay-color":"","overlay-opacity":"","overlay-gradient":""}},"ast-content-background-meta":{"desktop":{"background-color":"var(--ast-global-color-5)","background-image":"","background-repeat":"repeat","background-position":"center center","background-size":"auto","background-attachment":"scroll","background-type":"","background-media":"","overlay-type":"","overlay-color":"","overlay-opacity":"","overlay-gradient":""},"tablet":{"background-color":"var(--ast-global-color-5)","background-image":"","background-repeat":"repeat","background-position":"center center","background-size":"auto","background-attachment":"scroll","background-type":"","background-media":"","overlay-type":"","overlay-color":"","overlay-opacity":"","overlay-gradient":""},"mobile":{"background-color":"var(--ast-global-color-5)","background-image":"","background-repeat":"repeat","background-position":"center center","background-size":"auto","background-attachment":"scroll","background-type":"","background-media":"","overlay-type":"","overlay-color":"","overlay-opacity":"","overlay-gradient":""}},"footnotes":""},"class_list":["post-4726","page","type-page","status-publish","hentry"],"yoast_head":"<!-- This site is optimized with the Yoast SEO plugin v23.7 - https:\/\/yoast.com\/wordpress\/plugins\/seo\/ -->\n<title>Accesibilidad - Carton Version<\/title>\n<meta name=\"robots\" content=\"index, follow, max-snippet:-1, max-image-preview:large, max-video-preview:-1\" \/>\n<link rel=\"canonical\" href=\"https:\/\/cartonversion.com\/en\/accesibilidad\/\" \/>\n<meta property=\"og:locale\" content=\"en_GB\" \/>\n<meta property=\"og:type\" content=\"article\" \/>\n<meta property=\"og:title\" content=\"Accesibilidad - Carton Version\" \/>\n<meta property=\"og:description\" content=\"En la construcci\u00f3n de la p\u00e1gina web de\u00a0https:\/\/cartonversion.com\/ se han adoptado medidas con el objetivo de que el mayor n\u00famero posible de personas puedan llegar a la informaci\u00f3n que se transmite en ella, independientemente de las limitaciones de la persona o de las que se deriven del contexto de uso. As\u00ed, en la confecci\u00f3n del [&hellip;]\" \/>\n<meta property=\"og:url\" content=\"https:\/\/cartonversion.com\/en\/accesibilidad\/\" \/>\n<meta property=\"og:site_name\" content=\"Carton Version\" \/>\n<meta property=\"article:modified_time\" content=\"2024-10-23T16:35:32+00:00\" \/>\n<meta name=\"twitter:card\" content=\"summary_large_image\" \/>\n<meta name=\"twitter:label1\" content=\"Estimated reading time\" \/>\n\t<meta name=\"twitter:data1\" content=\"2 minutes\" \/>\n<script type=\"application\/ld+json\" class=\"yoast-schema-graph\">{\"@context\":\"https:\/\/schema.org\",\"@graph\":[{\"@type\":\"WebPage\",\"@id\":\"https:\/\/cartonversion.com\/accesibilidad\/\",\"url\":\"https:\/\/cartonversion.com\/accesibilidad\/\",\"name\":\"Accesibilidad - Carton Version\",\"isPartOf\":{\"@id\":\"https:\/\/cartonversion.com\/#website\"},\"datePublished\":\"2024-10-23T16:35:31+00:00\",\"dateModified\":\"2024-10-23T16:35:32+00:00\",\"breadcrumb\":{\"@id\":\"https:\/\/cartonversion.com\/accesibilidad\/#breadcrumb\"},\"inLanguage\":\"en-GB\",\"potentialAction\":[{\"@type\":\"ReadAction\",\"target\":[\"https:\/\/cartonversion.com\/accesibilidad\/\"]}]},{\"@type\":\"BreadcrumbList\",\"@id\":\"https:\/\/cartonversion.com\/accesibilidad\/#breadcrumb\",\"itemListElement\":[{\"@type\":\"ListItem\",\"position\":1,\"name\":\"Portada\",\"item\":\"https:\/\/cartonversion.com\/\"},{\"@type\":\"ListItem\",\"position\":2,\"name\":\"Accesibilidad\"}]},{\"@type\":\"WebSite\",\"@id\":\"https:\/\/cartonversion.com\/#website\",\"url\":\"https:\/\/cartonversion.com\/\",\"name\":\"Carton Version\",\"description\":\"Carton Version\",\"publisher\":{\"@id\":\"https:\/\/cartonversion.com\/#organization\"},\"potentialAction\":[{\"@type\":\"SearchAction\",\"target\":{\"@type\":\"EntryPoint\",\"urlTemplate\":\"https:\/\/cartonversion.com\/?s={search_term_string}\"},\"query-input\":{\"@type\":\"PropertyValueSpecification\",\"valueRequired\":true,\"valueName\":\"search_term_string\"}}],\"inLanguage\":\"en-GB\"},{\"@type\":\"Organization\",\"@id\":\"https:\/\/cartonversion.com\/#organization\",\"name\":\"Carton Version\",\"url\":\"https:\/\/cartonversion.com\/\",\"logo\":{\"@type\":\"ImageObject\",\"inLanguage\":\"en-GB\",\"@id\":\"https:\/\/cartonversion.com\/#\/schema\/logo\/image\/\",\"url\":\"https:\/\/cartonversion.com\/wp-content\/uploads\/2024\/10\/c55b2ee4007341a4b7bf100aec43ddd1-free.png\",\"contentUrl\":\"https:\/\/cartonversion.com\/wp-content\/uploads\/2024\/10\/c55b2ee4007341a4b7bf100aec43ddd1-free.png\",\"width\":200,\"height\":200,\"caption\":\"Carton Version\"},\"image\":{\"@id\":\"https:\/\/cartonversion.com\/#\/schema\/logo\/image\/\"}}]}<\/script>\n<!-- \/ Yoast SEO plugin. -->","yoast_head_json":{"title":"Accesibilidad - Carton Version","robots":{"index":"index","follow":"follow","max-snippet":"max-snippet:-1","max-image-preview":"max-image-preview:large","max-video-preview":"max-video-preview:-1"},"canonical":"https:\/\/cartonversion.com\/en\/accesibilidad\/","og_locale":"en_GB","og_type":"article","og_title":"Accesibilidad - Carton Version","og_description":"En la construcci\u00f3n de la p\u00e1gina web de\u00a0https:\/\/cartonversion.com\/ se han adoptado medidas con el objetivo de que el mayor n\u00famero posible de personas puedan llegar a la informaci\u00f3n que se transmite en ella, independientemente de las limitaciones de la persona o de las que se deriven del contexto de uso. As\u00ed, en la confecci\u00f3n del [&hellip;]","og_url":"https:\/\/cartonversion.com\/en\/accesibilidad\/","og_site_name":"Carton Version","article_modified_time":"2024-10-23T16:35:32+00:00","twitter_card":"summary_large_image","twitter_misc":{"Estimated reading time":"2 minutes"},"schema":{"@context":"https:\/\/schema.org","@graph":[{"@type":"WebPage","@id":"https:\/\/cartonversion.com\/accesibilidad\/","url":"https:\/\/cartonversion.com\/accesibilidad\/","name":"Accesibilidad - Carton Version","isPartOf":{"@id":"https:\/\/cartonversion.com\/#website"},"datePublished":"2024-10-23T16:35:31+00:00","dateModified":"2024-10-23T16:35:32+00:00","breadcrumb":{"@id":"https:\/\/cartonversion.com\/accesibilidad\/#breadcrumb"},"inLanguage":"en-GB","potentialAction":[{"@type":"ReadAction","target":["https:\/\/cartonversion.com\/accesibilidad\/"]}]},{"@type":"BreadcrumbList","@id":"https:\/\/cartonversion.com\/accesibilidad\/#breadcrumb","itemListElement":[{"@type":"ListItem","position":1,"name":"Portada","item":"https:\/\/cartonversion.com\/"},{"@type":"ListItem","position":2,"name":"Accesibilidad"}]},{"@type":"WebSite","@id":"https:\/\/cartonversion.com\/#website","url":"https:\/\/cartonversion.com\/","name":"Carton Version","description":"Carton Version","publisher":{"@id":"https:\/\/cartonversion.com\/#organization"},"potentialAction":[{"@type":"SearchAction","target":{"@type":"EntryPoint","urlTemplate":"https:\/\/cartonversion.com\/?s={search_term_string}"},"query-input":{"@type":"PropertyValueSpecification","valueRequired":true,"valueName":"search_term_string"}}],"inLanguage":"en-GB"},{"@type":"Organization","@id":"https:\/\/cartonversion.com\/#organization","name":"Carton Version","url":"https:\/\/cartonversion.com\/","logo":{"@type":"ImageObject","inLanguage":"en-GB","@id":"https:\/\/cartonversion.com\/#\/schema\/logo\/image\/","url":"https:\/\/cartonversion.com\/wp-content\/uploads\/2024\/10\/c55b2ee4007341a4b7bf100aec43ddd1-free.png","contentUrl":"https:\/\/cartonversion.com\/wp-content\/uploads\/2024\/10\/c55b2ee4007341a4b7bf100aec43ddd1-free.png","width":200,"height":200,"caption":"Carton Version"},"image":{"@id":"https:\/\/cartonversion.com\/#\/schema\/logo\/image\/"}}]}},"_links":{"self":[{"href":"https:\/\/cartonversion.com\/en\/wp-json\/wp\/v2\/pages\/4726","targetHints":{"allow":["GET"]}}],"collection":[{"href":"https:\/\/cartonversion.com\/en\/wp-json\/wp\/v2\/pages"}],"about":[{"href":"https:\/\/cartonversion.com\/en\/wp-json\/wp\/v2\/types\/page"}],"author":[{"embeddable":true,"href":"https:\/\/cartonversion.com\/en\/wp-json\/wp\/v2\/users\/1"}],"replies":[{"embeddable":true,"href":"https:\/\/cartonversion.com\/en\/wp-json\/wp\/v2\/comments?post=4726"}],"version-history":[{"count":1,"href":"https:\/\/cartonversion.com\/en\/wp-json\/wp\/v2\/pages\/4726\/revisions"}],"predecessor-version":[{"id":4727,"href":"https:\/\/cartonversion.com\/en\/wp-json\/wp\/v2\/pages\/4726\/revisions\/4727"}],"wp:attachment":[{"href":"https:\/\/cartonversion.com\/en\/wp-json\/wp\/v2\/media?parent=4726"}],"curies":[{"name":"wp","href":"https:\/\/api.w.org\/{rel}","templated":true}]}}